{"id":474,"date":"2022-06-20T10:45:26","date_gmt":"2022-06-20T15:45:26","guid":{"rendered":"http:\/\/faseinsurancegroup.three.zysites.com\/about-us\/"},"modified":"2023-10-19T19:17:42","modified_gmt":"2023-10-20T00:17:42","slug":"about-us","status":"publish","type":"page","link":"https:\/\/www.faseinsurancegroup.com\/es\/about-us\/","title":{"rendered":"Sobre nosotros"},"content":{"rendered":"<h2>Acerca de Fase Insurance Group: potenciar los sue\u00f1os, garantizar la seguridad<\/h2>\n<h3>Nuestro viaje: desde los humildes comienzos hasta la excelencia regional<\/h3>\n<p>Fundado en 2010 en el coraz\u00f3n de Jonesboro, Georgia, Fase Insurance Group surgi\u00f3 como un faro de esperanza y seguridad dentro del mundo de los seguros. Lo que comenz\u00f3 como una visi\u00f3n pronto se transform\u00f3 en una pr\u00f3spera realidad, preparando el escenario para un extraordinario viaje que contin\u00faa desarroll\u00e1ndose.<\/p>\n<h3>Sue\u00f1os empoderadores: el legado de una familia inmigrante hispana<\/h3>\n<p>En el centro de la historia de Fase Insurance Group hay un testimonio del sue\u00f1o americano. Como familia de inmigrantes hispanos, llegamos a estas costas con aspiraciones y determinaci\u00f3n ardiendo. Impulsados por la creencia de que cada individuo y familia merece protecci\u00f3n y la oportunidad de prosperar, sentamos las bases de lo que se convertir\u00eda en Fase Insurance Group.<\/p>\n<h3>Un horizonte en expansi\u00f3n: tocando vidas m\u00e1s all\u00e1 de Georgia<\/h3>\n<p>Desde nuestros modestos comienzos en Jonesboro, nuestro compromiso con la excelencia y el servicio personalizado nos impulsaron hacia adelante. A lo largo de los a\u00f1os, nuestra inquebrantable dedicaci\u00f3n nos llev\u00f3 a ampliar nuestro alcance m\u00e1s all\u00e1 de las fronteras de Georgia. Hoy, nuestra presencia se extiende a las vibrantes comunidades de Carolina del Sur, Tennessee y Alabama, donde continuamos defendiendo los valores que nos han guiado desde el principio.<\/p>\n<h3>Un equipo de personas extraordinarias: unidos por la pasi\u00f3n y el prop\u00f3sito<\/h3>\n<p>Detr\u00e1s de cada historia de \u00e9xito se encuentra un equipo de personas extraordinarias y Fase Insurance Group no es una excepci\u00f3n. Nuestro personal excepcional, compuesto por compa\u00f1eros inmigrantes que comparten nuestra pasi\u00f3n por el servicio y la b\u00fasqueda del sue\u00f1o americano, ha sido fundamental en nuestro crecimiento e impacto. Su experiencia, dedicaci\u00f3n y compromiso inquebrantable con nuestros clientes han sido la fuerza impulsora detr\u00e1s de nuestros logros.<\/p>\n<h3>Nuestra Misi\u00f3n: Su Seguridad, Nuestra Prioridad<\/h3>\n<p>En Fase Insurance Group, nuestra misi\u00f3n trasciende las meras transacciones comerciales. Tenemos la misi\u00f3n de brindarle la seguridad y la tranquilidad que se merece. Ya sea salvaguardando el futuro de su familia, protegiendo sus intereses comerciales o garantizando su salud y bienestar, somos sus socios firmes en este viaje.<\/p>\n<h3>\u00bfPor qu\u00e9 elegir Fase Insurance Group?<\/h3>\n<p>\u2713 Comprensi\u00f3n cultural: como familia inmigrante, entendemos profundamente los desaf\u00edos y aspiraciones \u00fanicos de nuestros clientes. Nuestro enfoque culturalmente sensible garantiza que sus necesidades se satisfagan con empat\u00eda y respeto.<\/p>\n<p>\u2713 Enfoque personalizado: As\u00ed como no hay dos sue\u00f1os iguales, no hay dos soluciones de seguros que puedan ser id\u00e9nticas. Nos tomamos el tiempo para comprender sus circunstancias individuales y adaptar nuestras ofertas a sus requisitos espec\u00edficos.<\/p>\n<p>\u2713 Valores centrados en la comunidad: nuestras ra\u00edces est\u00e1n arraigadas en las comunidades a las que servimos. Estamos comprometidos a retribuir, apoyar iniciativas locales y fomentar el crecimiento donde m\u00e1s se necesita.<\/p>\n<p>\u2713 Conocimientos y experiencia: con m\u00e1s de una d\u00e9cada en la industria, aportamos una gran cantidad de conocimientos y perspectivas. La experiencia de nuestro equipo garantiza que reciba orientaci\u00f3n informada en cada paso del camino.<\/p>\n<h3>\u00danase a nosotros para construir un futuro seguro<\/h3>\n<p>Fase Insurance Group es m\u00e1s que una agencia de seguros: somos una familia unida por un prop\u00f3sito compartido. Con una base basada en la pasi\u00f3n, la resiliencia y la dedicaci\u00f3n inquebrantable, lo invitamos a ser parte de nuestro viaje. Juntos crearemos un futuro en el que se fomenten los sue\u00f1os, se alcancen las aspiraciones y se garantice la seguridad.<\/p>\n<p>Gracias por considerar a Fase Insurance Group como su socio de confianza. Esperamos poder servirle y ser parte de su historia.<\/p>\n","protected":false},"excerpt":{"rendered":"<p>Acerca de Fase Insurance Group: potenciar los sue\u00f1os, garantizar la seguridad Nuestro viaje: desde los humildes comienzos hasta la excelencia [&hellip;]<\/p>\n","protected":false},"author":35,"featured_media":0,"parent":0,"menu_order":0,"comment_status":"closed","ping_status":"closed","template":"","meta":{"_acf_changed":false,"_seopress_robots_primary_cat":"0","_seopress_titles_title":"","_seopress_titles_desc":"","_seopress_robots_index":"","_analytify_skip_tracking":false,"footnotes":""},"class_list":["post-474","page","type-page","status-publish","hentry"],"acf":[],"_links":{"self":[{"href":"https:\/\/www.faseinsurancegroup.com\/es\/wp-json\/wp\/v2\/pages\/474","targetHints":{"allow":["GET"]}}],"collection":[{"href":"https:\/\/www.faseinsurancegroup.com\/es\/wp-json\/wp\/v2\/pages"}],"about":[{"href":"https:\/\/www.faseinsurancegroup.com\/es\/wp-json\/wp\/v2\/types\/page"}],"author":[{"embeddable":true,"href":"https:\/\/www.faseinsurancegroup.com\/es\/wp-json\/wp\/v2\/users\/35"}],"replies":[{"embeddable":true,"href":"https:\/\/www.faseinsurancegroup.com\/es\/wp-json\/wp\/v2\/comments?post=474"}],"version-history":[{"count":0,"href":"https:\/\/www.faseinsurancegroup.com\/es\/wp-json\/wp\/v2\/pages\/474\/revisions"}],"wp:attachment":[{"href":"https:\/\/www.faseinsurancegroup.com\/es\/wp-json\/wp\/v2\/media?parent=474"}],"curies":[{"name":"wp","href":"https:\/\/api.w.org\/{rel}","templated":true}]}}